{"id":666,"date":"2020-04-23T19:04:42","date_gmt":"2020-04-23T19:04:42","guid":{"rendered":"https:\/\/www.camposdeesperanza.org\/?page_id=666"},"modified":"2020-05-05T16:18:00","modified_gmt":"2020-05-05T16:18:00","slug":"recursos-covid-19","status":"publish","type":"page","link":"https:\/\/www.camposdeesperanza.org\/es_mx\/recursos-covid-19\/","title":{"rendered":"Recursos COVID-19"},"content":{"rendered":"\t\t<div data-elementor-type=\"wp-page\" data-elementor-id=\"666\" class=\"elementor elementor-666\" data-elementor-settings=\"[]\">\n\t\t\t\t\t\t<div class=\"elementor-inner\">\n\t\t\t\t\t\t\t<div class=\"elementor-section-wrap\">\n\t\t\t\t\t\t\t<section class=\"elementor-section elementor-top-section elementor-element elementor-element-27fca86 elementor-section-boxed elementor-section-height-default elementor-section-height-default\" data-id=\"27fca86\" data-element_type=\"section\">\n\t\t\t\t\t\t<div class=\"elementor-container elementor-column-gap-default\">\n\t\t\t\t\t\t\t<div class=\"elementor-row\">\n\t\t\t\t\t<div class=\"elementor-column elementor-col-100 elementor-top-column elementor-element elementor-element-8ba65d1\" data-id=\"8ba65d1\" data-element_type=\"column\">\n\t\t\t<div class=\"elementor-column-wrap elementor-element-populated\">\n\t\t\t\t\t\t\t<div class=\"elementor-widget-wrap\">\n\t\t\t\t\t\t<div class=\"elementor-element elementor-element-0e11d74 elementor-widget elementor-widget-heading\" data-id=\"0e11d74\" data-element_type=\"widget\" data-widget_type=\"heading.default\">\n\t\t\t\t<div class=\"elementor-widget-container\">\n\t\t\t<h4 class=\"elementor-heading-title elementor-size-default\">Recursos COVID-19<\/h4>\t\t<\/div>\n\t\t\t\t<\/div>\n\t\t\t\t\t\t<\/div>\n\t\t\t\t\t<\/div>\n\t\t<\/div>\n\t\t\t\t\t\t\t\t<\/div>\n\t\t\t\t\t<\/div>\n\t\t<\/section>\n\t\t\t\t<section class=\"elementor-section elementor-top-section elementor-element elementor-element-216d4b2 elementor-section-boxed elementor-section-height-default elementor-section-height-default\" data-id=\"216d4b2\" data-element_type=\"section\">\n\t\t\t\t\t\t<div class=\"elementor-container elementor-column-gap-default\">\n\t\t\t\t\t\t\t<div class=\"elementor-row\">\n\t\t\t\t\t<div class=\"elementor-column elementor-col-33 elementor-top-column elementor-element elementor-element-7b4f3f3\" data-id=\"7b4f3f3\" data-element_type=\"column\">\n\t\t\t<div class=\"elementor-column-wrap elementor-element-populated\">\n\t\t\t\t\t\t\t<div class=\"elementor-widget-wrap\">\n\t\t\t\t\t\t<div class=\"elementor-element elementor-element-bdb4cbc elementor-position-top elementor-vertical-align-top elementor-widget elementor-widget-image-box\" data-id=\"bdb4cbc\" data-element_type=\"widget\" data-widget_type=\"image-box.default\">\n\t\t\t\t<div class=\"elementor-widget-container\">\n\t\t\t<div class=\"elementor-image-box-wrapper\"><figure class=\"elementor-image-box-img\"><img width=\"768\" height=\"583\" src=\"https:\/\/www.camposdeesperanza.org\/wp-content\/uploads\/2020\/05\/Screen-Shot-2020-05-04-at-2.34.19-PM-1-768x583.jpg\" class=\"attachment-medium_large size-medium_large\" alt=\"\" loading=\"lazy\" srcset=\"https:\/\/www.camposdeesperanza.org\/wp-content\/uploads\/2020\/05\/Screen-Shot-2020-05-04-at-2.34.19-PM-1-768x583.jpg 768w, https:\/\/www.camposdeesperanza.org\/wp-content\/uploads\/2020\/05\/Screen-Shot-2020-05-04-at-2.34.19-PM-1-300x228.jpg 300w, https:\/\/www.camposdeesperanza.org\/wp-content\/uploads\/2020\/05\/Screen-Shot-2020-05-04-at-2.34.19-PM-1-1024x777.jpg 1024w, https:\/\/www.camposdeesperanza.org\/wp-content\/uploads\/2020\/05\/Screen-Shot-2020-05-04-at-2.34.19-PM-1.jpg 1244w\" sizes=\"(max-width: 768px) 100vw, 768px\" \/><\/figure><div class=\"elementor-image-box-content\"><h3 class=\"elementor-image-box-title\">Animaci\u00f3n 3.Prevenci\u00f3n COVID-19 en el trabajo agr\u00edcola<\/h3><p class=\"elementor-image-box-description\">Prevenci\u00f3n en el trabajo agr\u00edcola<\/p><\/div><\/div>\t\t<\/div>\n\t\t\t\t<\/div>\n\t\t\t\t<div class=\"elementor-element elementor-element-e7351f6 elementor-align-center elementor-widget elementor-widget-button\" data-id=\"e7351f6\" data-element_type=\"widget\" data-widget_type=\"button.default\">\n\t\t\t\t<div class=\"elementor-widget-container\">\n\t\t\t\t\t<div class=\"elementor-button-wrapper\">\n\t\t\t<a href=\"https:\/\/youtu.be\/GB4gbh3sDOs\" target=\"_blank\" class=\"elementor-button-link elementor-button elementor-size-md\" role=\"button\">\n\t\t\t\t\t\t<span class=\"elementor-button-content-wrapper\">\n\t\t\t\t\t\t<span class=\"elementor-button-icon elementor-align-icon-left\">\n\t\t\t\t<i aria-hidden=\"true\" class=\"fas fa-video\"><\/i>\t\t\t<\/span>\n\t\t\t\t\t\t<span class=\"elementor-button-text\">Ver<\/span>\n\t\t<\/span>\n\t\t\t\t\t<\/a>\n\t\t<\/div>\n\t\t\t\t<\/div>\n\t\t\t\t<\/div>\n\t\t\t\t<div class=\"elementor-element elementor-element-52e37d7 elementor-position-top elementor-vertical-align-top elementor-widget elementor-widget-image-box\" data-id=\"52e37d7\" data-element_type=\"widget\" data-widget_type=\"image-box.default\">\n\t\t\t\t<div class=\"elementor-widget-container\">\n\t\t\t<div class=\"elementor-image-box-wrapper\"><figure class=\"elementor-image-box-img\"><img width=\"1244\" height=\"944\" src=\"https:\/\/www.camposdeesperanza.org\/wp-content\/uploads\/2020\/05\/Cuaderno-colorear.jpg\" class=\"attachment-full size-full\" alt=\"\" loading=\"lazy\" srcset=\"https:\/\/www.camposdeesperanza.org\/wp-content\/uploads\/2020\/05\/Cuaderno-colorear.jpg 1244w, https:\/\/www.camposdeesperanza.org\/wp-content\/uploads\/2020\/05\/Cuaderno-colorear-300x228.jpg 300w, https:\/\/www.camposdeesperanza.org\/wp-content\/uploads\/2020\/05\/Cuaderno-colorear-768x583.jpg 768w, https:\/\/www.camposdeesperanza.org\/wp-content\/uploads\/2020\/05\/Cuaderno-colorear-1024x777.jpg 1024w\" sizes=\"(max-width: 1244px) 100vw, 1244px\" \/><\/figure><div class=\"elementor-image-box-content\"><h3 class=\"elementor-image-box-title\">Cuaderno para colorear COVID<\/h3><p class=\"elementor-image-box-description\">Cuaderno sobre prevenci\u00f3n de COVID-19 y trabajo infantil<\/p><\/div><\/div>\t\t<\/div>\n\t\t\t\t<\/div>\n\t\t\t\t<div class=\"elementor-element elementor-element-0c4ede0 elementor-align-center elementor-widget elementor-widget-button\" data-id=\"0c4ede0\" data-element_type=\"widget\" data-widget_type=\"button.default\">\n\t\t\t\t<div class=\"elementor-widget-container\">\n\t\t\t\t\t<div class=\"elementor-button-wrapper\">\n\t\t\t<a href=\"https:\/\/www.camposdeesperanza.org\/wp-content\/uploads\/2020\/05\/Cuaderno_de_Actividades_Final.pdf\" target=\"_blank\" class=\"elementor-button-link elementor-button elementor-size-md\" role=\"button\">\n\t\t\t\t\t\t<span class=\"elementor-button-content-wrapper\">\n\t\t\t\t\t\t<span class=\"elementor-button-icon elementor-align-icon-left\">\n\t\t\t\t<i aria-hidden=\"true\" class=\"fas fa-file-pdf\"><\/i>\t\t\t<\/span>\n\t\t\t\t\t\t<span class=\"elementor-button-text\">Descargar<\/span>\n\t\t<\/span>\n\t\t\t\t\t<\/a>\n\t\t<\/div>\n\t\t\t\t<\/div>\n\t\t\t\t<\/div>\n\t\t\t\t<div class=\"elementor-element elementor-element-2627855 elementor-position-top elementor-vertical-align-top elementor-widget elementor-widget-image-box\" data-id=\"2627855\" data-element_type=\"widget\" data-widget_type=\"image-box.default\">\n\t\t\t\t<div class=\"elementor-widget-container\">\n\t\t\t<div class=\"elementor-image-box-wrapper\"><figure class=\"elementor-image-box-img\"><img width=\"1244\" height=\"944\" src=\"https:\/\/www.camposdeesperanza.org\/wp-content\/uploads\/2020\/04\/Prevencion_COVID.jpg\" class=\"attachment-full size-full\" alt=\"\" loading=\"lazy\" srcset=\"https:\/\/www.camposdeesperanza.org\/wp-content\/uploads\/2020\/04\/Prevencion_COVID.jpg 1244w, https:\/\/www.camposdeesperanza.org\/wp-content\/uploads\/2020\/04\/Prevencion_COVID-300x228.jpg 300w, https:\/\/www.camposdeesperanza.org\/wp-content\/uploads\/2020\/04\/Prevencion_COVID-768x583.jpg 768w, https:\/\/www.camposdeesperanza.org\/wp-content\/uploads\/2020\/04\/Prevencion_COVID-1024x777.jpg 1024w\" sizes=\"(max-width: 1244px) 100vw, 1244px\" \/><\/figure><div class=\"elementor-image-box-content\"><h3 class=\"elementor-image-box-title\">Prevenci\u00f3n COVID-19<\/h3><p class=\"elementor-image-box-description\">Informaci\u00f3n sobre prevenci\u00f3n de contagio de COVID-19.<\/p><\/div><\/div>\t\t<\/div>\n\t\t\t\t<\/div>\n\t\t\t\t<div class=\"elementor-element elementor-element-54cd3f8 elementor-align-center elementor-widget elementor-widget-button\" data-id=\"54cd3f8\" data-element_type=\"widget\" data-widget_type=\"button.default\">\n\t\t\t\t<div class=\"elementor-widget-container\">\n\t\t\t\t\t<div class=\"elementor-button-wrapper\">\n\t\t\t<a href=\"https:\/\/www.camposdeesperanza.org\/wp-content\/uploads\/2020\/04\/Prevencion_COVID-19.pdf\" target=\"_blank\" class=\"elementor-button-link elementor-button elementor-size-md\" role=\"button\">\n\t\t\t\t\t\t<span class=\"elementor-button-content-wrapper\">\n\t\t\t\t\t\t<span class=\"elementor-button-icon elementor-align-icon-left\">\n\t\t\t\t<i aria-hidden=\"true\" class=\"fas fa-file-pdf\"><\/i>\t\t\t<\/span>\n\t\t\t\t\t\t<span class=\"elementor-button-text\">Descargar<\/span>\n\t\t<\/span>\n\t\t\t\t\t<\/a>\n\t\t<\/div>\n\t\t\t\t<\/div>\n\t\t\t\t<\/div>\n\t\t\t\t\t\t<\/div>\n\t\t\t\t\t<\/div>\n\t\t<\/div>\n\t\t\t\t<div class=\"elementor-column elementor-col-33 elementor-top-column elementor-element elementor-element-2476712\" data-id=\"2476712\" data-element_type=\"column\">\n\t\t\t<div class=\"elementor-column-wrap elementor-element-populated\">\n\t\t\t\t\t\t\t<div class=\"elementor-widget-wrap\">\n\t\t\t\t\t\t<div class=\"elementor-element elementor-element-b642413 elementor-position-top elementor-vertical-align-top elementor-widget elementor-widget-image-box\" data-id=\"b642413\" data-element_type=\"widget\" data-widget_type=\"image-box.default\">\n\t\t\t\t<div class=\"elementor-widget-container\">\n\t\t\t<div class=\"elementor-image-box-wrapper\"><figure class=\"elementor-image-box-img\"><img width=\"1244\" height=\"944\" src=\"https:\/\/www.camposdeesperanza.org\/wp-content\/uploads\/2020\/05\/Screen-Shot-2020-05-04-at-2.55.38-PM.jpg\" class=\"attachment-full size-full\" alt=\"\" loading=\"lazy\" srcset=\"https:\/\/www.camposdeesperanza.org\/wp-content\/uploads\/2020\/05\/Screen-Shot-2020-05-04-at-2.55.38-PM.jpg 1244w, https:\/\/www.camposdeesperanza.org\/wp-content\/uploads\/2020\/05\/Screen-Shot-2020-05-04-at-2.55.38-PM-300x228.jpg 300w, https:\/\/www.camposdeesperanza.org\/wp-content\/uploads\/2020\/05\/Screen-Shot-2020-05-04-at-2.55.38-PM-768x583.jpg 768w, https:\/\/www.camposdeesperanza.org\/wp-content\/uploads\/2020\/05\/Screen-Shot-2020-05-04-at-2.55.38-PM-1024x777.jpg 1024w\" sizes=\"(max-width: 1244px) 100vw, 1244px\" \/><\/figure><div class=\"elementor-image-box-content\"><h3 class=\"elementor-image-box-title\">Animaci\u00f3n 2. Medidas de prevenci\u00f3n de COVID-19<\/h3><p class=\"elementor-image-box-description\">Medidas de prevenci\u00f3n del COVID-19<\/p><\/div><\/div>\t\t<\/div>\n\t\t\t\t<\/div>\n\t\t\t\t<div class=\"elementor-element elementor-element-f3e4536 elementor-align-center elementor-widget elementor-widget-button\" data-id=\"f3e4536\" data-element_type=\"widget\" data-widget_type=\"button.default\">\n\t\t\t\t<div class=\"elementor-widget-container\">\n\t\t\t\t\t<div class=\"elementor-button-wrapper\">\n\t\t\t<a href=\"https:\/\/youtu.be\/0Ii20UE6CvI\" target=\"_blank\" class=\"elementor-button-link elementor-button elementor-size-md\" role=\"button\">\n\t\t\t\t\t\t<span class=\"elementor-button-content-wrapper\">\n\t\t\t\t\t\t<span class=\"elementor-button-icon elementor-align-icon-left\">\n\t\t\t\t<i aria-hidden=\"true\" class=\"fas fa-video\"><\/i>\t\t\t<\/span>\n\t\t\t\t\t\t<span class=\"elementor-button-text\">Ver<\/span>\n\t\t<\/span>\n\t\t\t\t\t<\/a>\n\t\t<\/div>\n\t\t\t\t<\/div>\n\t\t\t\t<\/div>\n\t\t\t\t<div class=\"elementor-element elementor-element-9fa4dd6 elementor-position-top elementor-vertical-align-top elementor-widget elementor-widget-image-box\" data-id=\"9fa4dd6\" data-element_type=\"widget\" data-widget_type=\"image-box.default\">\n\t\t\t\t<div class=\"elementor-widget-container\">\n\t\t\t<div class=\"elementor-image-box-wrapper\"><figure class=\"elementor-image-box-img\"><img width=\"768\" height=\"583\" src=\"https:\/\/www.camposdeesperanza.org\/wp-content\/uploads\/2020\/04\/COVID-Cortadores_Coso-768x583.jpg\" class=\"attachment-medium_large size-medium_large\" alt=\"\" loading=\"lazy\" srcset=\"https:\/\/www.camposdeesperanza.org\/wp-content\/uploads\/2020\/04\/COVID-Cortadores_Coso-768x583.jpg 768w, https:\/\/www.camposdeesperanza.org\/wp-content\/uploads\/2020\/04\/COVID-Cortadores_Coso-300x228.jpg 300w, https:\/\/www.camposdeesperanza.org\/wp-content\/uploads\/2020\/04\/COVID-Cortadores_Coso-1024x777.jpg 1024w, https:\/\/www.camposdeesperanza.org\/wp-content\/uploads\/2020\/04\/COVID-Cortadores_Coso.jpg 1244w\" sizes=\"(max-width: 768px) 100vw, 768px\" \/><\/figure><div class=\"elementor-image-box-content\"><h3 class=\"elementor-image-box-title\">Prevenci\u00f3n del COVID-19 en el trabajo agr\u00edcola<\/h3><p class=\"elementor-image-box-description\">Folleto sobre prevenci\u00f3n de COVI-19<\/p><\/div><\/div>\t\t<\/div>\n\t\t\t\t<\/div>\n\t\t\t\t<div class=\"elementor-element elementor-element-08d8e79 elementor-align-center elementor-widget elementor-widget-button\" data-id=\"08d8e79\" data-element_type=\"widget\" data-widget_type=\"button.default\">\n\t\t\t\t<div class=\"elementor-widget-container\">\n\t\t\t\t\t<div class=\"elementor-button-wrapper\">\n\t\t\t<a href=\"https:\/\/www.camposdeesperanza.org\/wp-content\/uploads\/2020\/04\/COVID-Trabajadores.pdf\" target=\"_blank\" class=\"elementor-button-link elementor-button elementor-size-md\" role=\"button\">\n\t\t\t\t\t\t<span class=\"elementor-button-content-wrapper\">\n\t\t\t\t\t\t<span class=\"elementor-button-icon elementor-align-icon-left\">\n\t\t\t\t<i aria-hidden=\"true\" class=\"fas fa-file-pdf\"><\/i>\t\t\t<\/span>\n\t\t\t\t\t\t<span class=\"elementor-button-text\">Descargar<\/span>\n\t\t<\/span>\n\t\t\t\t\t<\/a>\n\t\t<\/div>\n\t\t\t\t<\/div>\n\t\t\t\t<\/div>\n\t\t\t\t\t\t<\/div>\n\t\t\t\t\t<\/div>\n\t\t<\/div>\n\t\t\t\t<div class=\"elementor-column elementor-col-33 elementor-top-column elementor-element elementor-element-103e1d6\" data-id=\"103e1d6\" data-element_type=\"column\">\n\t\t\t<div class=\"elementor-column-wrap elementor-element-populated\">\n\t\t\t\t\t\t\t<div class=\"elementor-widget-wrap\">\n\t\t\t\t\t\t<div class=\"elementor-element elementor-element-18ceee3 elementor-position-top elementor-vertical-align-top elementor-widget elementor-widget-image-box\" data-id=\"18ceee3\" data-element_type=\"widget\" data-widget_type=\"image-box.default\">\n\t\t\t\t<div class=\"elementor-widget-container\">\n\t\t\t<div class=\"elementor-image-box-wrapper\"><figure class=\"elementor-image-box-img\"><img width=\"1244\" height=\"944\" src=\"https:\/\/www.camposdeesperanza.org\/wp-content\/uploads\/2020\/05\/Screen-Shot-2020-05-04-at-2.34.19-PM.jpg\" class=\"attachment-full size-full\" alt=\"\" loading=\"lazy\" srcset=\"https:\/\/www.camposdeesperanza.org\/wp-content\/uploads\/2020\/05\/Screen-Shot-2020-05-04-at-2.34.19-PM.jpg 1244w, https:\/\/www.camposdeesperanza.org\/wp-content\/uploads\/2020\/05\/Screen-Shot-2020-05-04-at-2.34.19-PM-300x228.jpg 300w, https:\/\/www.camposdeesperanza.org\/wp-content\/uploads\/2020\/05\/Screen-Shot-2020-05-04-at-2.34.19-PM-768x583.jpg 768w, https:\/\/www.camposdeesperanza.org\/wp-content\/uploads\/2020\/05\/Screen-Shot-2020-05-04-at-2.34.19-PM-1024x777.jpg 1024w\" sizes=\"(max-width: 1244px) 100vw, 1244px\" \/><\/figure><div class=\"elementor-image-box-content\"><h3 class=\"elementor-image-box-title\">Animaci\u00f3n 1. Prevenci\u00f3n del COVID y Trabajo Infantil<\/h3><p class=\"elementor-image-box-description\">Cuarentena libre de trabajo infantil<\/p><\/div><\/div>\t\t<\/div>\n\t\t\t\t<\/div>\n\t\t\t\t<div class=\"elementor-element elementor-element-40d0eb2 elementor-align-center elementor-widget elementor-widget-button\" data-id=\"40d0eb2\" data-element_type=\"widget\" data-widget_type=\"button.default\">\n\t\t\t\t<div class=\"elementor-widget-container\">\n\t\t\t\t\t<div class=\"elementor-button-wrapper\">\n\t\t\t<a href=\"https:\/\/youtu.be\/BjQ4_AKjJMs\" target=\"_blank\" class=\"elementor-button-link elementor-button elementor-size-md\" role=\"button\">\n\t\t\t\t\t\t<span class=\"elementor-button-content-wrapper\">\n\t\t\t\t\t\t<span class=\"elementor-button-icon elementor-align-icon-left\">\n\t\t\t\t<i aria-hidden=\"true\" class=\"fas fa-video\"><\/i>\t\t\t<\/span>\n\t\t\t\t\t\t<span class=\"elementor-button-text\">Ver<\/span>\n\t\t<\/span>\n\t\t\t\t\t<\/a>\n\t\t<\/div>\n\t\t\t\t<\/div>\n\t\t\t\t<\/div>\n\t\t\t\t<div class=\"elementor-element elementor-element-1c03109 elementor-position-top elementor-vertical-align-top elementor-widget elementor-widget-image-box\" data-id=\"1c03109\" data-element_type=\"widget\" data-widget_type=\"image-box.default\">\n\t\t\t\t<div class=\"elementor-widget-container\">\n\t\t\t<div class=\"elementor-image-box-wrapper\"><figure class=\"elementor-image-box-img\"><img width=\"1244\" height=\"944\" src=\"https:\/\/www.camposdeesperanza.org\/wp-content\/uploads\/2020\/04\/Precauciones-COVID.jpg\" class=\"attachment-full size-full\" alt=\"\" loading=\"lazy\" srcset=\"https:\/\/www.camposdeesperanza.org\/wp-content\/uploads\/2020\/04\/Precauciones-COVID.jpg 1244w, https:\/\/www.camposdeesperanza.org\/wp-content\/uploads\/2020\/04\/Precauciones-COVID-300x228.jpg 300w, https:\/\/www.camposdeesperanza.org\/wp-content\/uploads\/2020\/04\/Precauciones-COVID-768x583.jpg 768w, https:\/\/www.camposdeesperanza.org\/wp-content\/uploads\/2020\/04\/Precauciones-COVID-1024x777.jpg 1024w\" sizes=\"(max-width: 1244px) 100vw, 1244px\" \/><\/figure><div class=\"elementor-image-box-content\"><h3 class=\"elementor-image-box-title\">Precauciones COVID-19<\/h3><p class=\"elementor-image-box-description\">Informaci\u00f3n sobre atenci\u00f3n en caso de contagio de COVID-19.<\/p><\/div><\/div>\t\t<\/div>\n\t\t\t\t<\/div>\n\t\t\t\t<div class=\"elementor-element elementor-element-112abf0 elementor-align-center elementor-widget elementor-widget-button\" data-id=\"112abf0\" data-element_type=\"widget\" data-widget_type=\"button.default\">\n\t\t\t\t<div class=\"elementor-widget-container\">\n\t\t\t\t\t<div class=\"elementor-button-wrapper\">\n\t\t\t<a href=\"https:\/\/www.camposdeesperanza.org\/wp-content\/uploads\/2020\/04\/Precauciones_COVID19.pdf\" target=\"_blank\" class=\"elementor-button-link elementor-button elementor-size-md\" role=\"button\">\n\t\t\t\t\t\t<span class=\"elementor-button-content-wrapper\">\n\t\t\t\t\t\t<span class=\"elementor-button-icon elementor-align-icon-left\">\n\t\t\t\t<i aria-hidden=\"true\" class=\"fas fa-file-pdf\"><\/i>\t\t\t<\/span>\n\t\t\t\t\t\t<span class=\"elementor-button-text\">Descargar<\/span>\n\t\t<\/span>\n\t\t\t\t\t<\/a>\n\t\t<\/div>\n\t\t\t\t<\/div>\n\t\t\t\t<\/div>\n\t\t\t\t\t\t<\/div>\n\t\t\t\t\t<\/div>\n\t\t<\/div>\n\t\t\t\t\t\t\t\t<\/div>\n\t\t\t\t\t<\/div>\n\t\t<\/section>\n\t\t\t\t<section class=\"elementor-section elementor-top-section elementor-element elementor-element-aed9690 elementor-section-boxed elementor-section-height-default elementor-section-height-default\" data-id=\"aed9690\" data-element_type=\"section\">\n\t\t\t\t\t\t<div class=\"elementor-container elementor-column-gap-default\">\n\t\t\t\t\t\t\t<div class=\"elementor-row\">\n\t\t\t\t\t<div class=\"elementor-column elementor-col-100 elementor-top-column elementor-element elementor-element-205eef4\" data-id=\"205eef4\" data-element_type=\"column\">\n\t\t\t<div class=\"elementor-column-wrap elementor-element-populated\">\n\t\t\t\t\t\t\t<div class=\"elementor-widget-wrap\">\n\t\t\t\t\t\t<div class=\"elementor-element elementor-element-2c61854 elementor-widget elementor-widget-spacer\" data-id=\"2c61854\" data-element_type=\"widget\" data-widget_type=\"spacer.default\">\n\t\t\t\t<div class=\"elementor-widget-container\">\n\t\t\t\t\t<div class=\"elementor-spacer\">\n\t\t\t<div class=\"elementor-spacer-inner\"><\/div>\n\t\t<\/div>\n\t\t\t\t<\/div>\n\t\t\t\t<\/div>\n\t\t\t\t\t\t<\/div>\n\t\t\t\t\t<\/div>\n\t\t<\/div>\n\t\t\t\t\t\t\t\t<\/div>\n\t\t\t\t\t<\/div>\n\t\t<\/section>\n\t\t\t\t\t\t<\/div>\n\t\t\t\t\t\t<\/div>\n\t\t\t\t\t<\/div>\n\t\t","protected":false},"excerpt":{"rendered":"<p>Recursos COVID-19 Animaci\u00f3n 3.Prevenci\u00f3n COVID-19 en el trabajo agr\u00edcola Prevenci\u00f3n en el trabajo agr\u00edcola Ver Cuaderno para colorear COVID Cuaderno sobre prevenci\u00f3n de COVID-19 y trabajo infantil Descargar Prevenci\u00f3n COVID-19 Informaci\u00f3n sobre prevenci\u00f3n de contagio de COVID-19. Descargar Animaci\u00f3n 2. Medidas de prevenci\u00f3n de COVID-19 Medidas de prevenci\u00f3n del COVID-19 Ver Prevenci\u00f3n del COVID-19 en &#8230; <a title=\"Recursos COVID-19\" class=\"read-more\" href=\"https:\/\/www.camposdeesperanza.org\/es_mx\/recursos-covid-19\/\">Read more<\/a><\/p>\n","protected":false},"author":2,"featured_media":0,"parent":0,"menu_order":0,"comment_status":"closed","ping_status":"closed","template":"","meta":[],"_links":{"self":[{"href":"https:\/\/www.camposdeesperanza.org\/es_mx\/wp-json\/wp\/v2\/pages\/666"}],"collection":[{"href":"https:\/\/www.camposdeesperanza.org\/es_mx\/wp-json\/wp\/v2\/pages"}],"about":[{"href":"https:\/\/www.camposdeesperanza.org\/es_mx\/wp-json\/wp\/v2\/types\/page"}],"author":[{"embeddable":true,"href":"https:\/\/www.camposdeesperanza.org\/es_mx\/wp-json\/wp\/v2\/users\/2"}],"replies":[{"embeddable":true,"href":"https:\/\/www.camposdeesperanza.org\/es_mx\/wp-json\/wp\/v2\/comments?post=666"}],"version-history":[{"count":5,"href":"https:\/\/www.camposdeesperanza.org\/es_mx\/wp-json\/wp\/v2\/pages\/666\/revisions"}],"predecessor-version":[{"id":690,"href":"https:\/\/www.camposdeesperanza.org\/es_mx\/wp-json\/wp\/v2\/pages\/666\/revisions\/690"}],"wp:attachment":[{"href":"https:\/\/www.camposdeesperanza.org\/es_mx\/wp-json\/wp\/v2\/media?parent=666"}],"curies":[{"name":"wp","href":"https:\/\/api.w.org\/{rel}","templated":true}]}}